{"id":1959,"date":"2025-08-18T11:52:54","date_gmt":"2025-08-18T11:52:54","guid":{"rendered":"https:\/\/www.siratmotor.com\/?post_type=product&#038;p=1959"},"modified":"2025-08-21T21:54:34","modified_gmt":"2025-08-21T21:54:34","slug":"motul-300v-10w-40","status":"publish","type":"product","link":"https:\/\/www.siratmotor.com\/index.php\/urun\/motul-300v-10w-40\/","title":{"rendered":"Motul 300V 10w-40"},"content":{"rendered":"<p>Y\u00fcksek performansl\u0131 4 zamanl\u0131 motorlara sahip, entegre \u015fanz\u0131man\u0131 olan veya olmayan, \u0131slak veya kuru debriyajl\u0131 yar\u0131\u015f motosikletleri.<\/p>\n<p>\u00c7ok \u00e7e\u015fitli s\u0131cakl\u0131k ve devirlerde \u00e7al\u0131\u015fan yar\u0131\u015f motorlar\u0131: H\u0131z motosikletleri, MotoGP, SuperSport, Superbike, yoku\u015f yukar\u0131, tepe t\u0131rman\u0131\u015f\u0131\u2026<\/p>\n<p>Di\u011fer kullan\u0131mlar: katalitik konvert\u00f6rl\u00fc sokak motosikletleri, ATV&#8217;ler, UTV&#8217;ler\u2026<\/p>\n","protected":false},"excerpt":{"rendered":"<p>%100 Sentetik &#8211; ESTER Core\u00ae<\/p>\n","protected":false},"featured_media":1974,"comment_status":"open","ping_status":"closed","template":"","meta":[],"product_brand":[138],"product_cat":[134],"product_tag":[163,162,161,160],"class_list":{"0":"post-1959","1":"product","2":"type-product","3":"status-publish","4":"has-post-thumbnail","6":"product_brand-motul","7":"product_cat-tam-sentetik-yaglar","8":"product_tag-300v","9":"product_tag-full-sentetik","10":"product_tag-motorsiklet-yagi","11":"product_tag-motul","13":"first","14":"instock","15":"shipping-taxable","16":"purchasable","17":"product-type-simple"},"_links":{"self":[{"href":"https:\/\/www.siratmotor.com\/index.php\/wp-json\/wp\/v2\/product\/1959","targetHints":{"allow":["GET"]}}],"collection":[{"href":"https:\/\/www.siratmotor.com\/index.php\/wp-json\/wp\/v2\/product"}],"about":[{"href":"https:\/\/www.siratmotor.com\/index.php\/wp-json\/wp\/v2\/types\/product"}],"replies":[{"embeddable":true,"href":"https:\/\/www.siratmotor.com\/index.php\/wp-json\/wp\/v2\/comments?post=1959"}],"wp:featuredmedia":[{"embeddable":true,"href":"https:\/\/www.siratmotor.com\/index.php\/wp-json\/wp\/v2\/media\/1974"}],"wp:attachment":[{"href":"https:\/\/www.siratmotor.com\/index.php\/wp-json\/wp\/v2\/media?parent=1959"}],"wp:term":[{"taxonomy":"product_brand","embeddable":true,"href":"https:\/\/www.siratmotor.com\/index.php\/wp-json\/wp\/v2\/product_brand?post=1959"},{"taxonomy":"product_cat","embeddable":true,"href":"https:\/\/www.siratmotor.com\/index.php\/wp-json\/wp\/v2\/product_cat?post=1959"},{"taxonomy":"product_tag","embeddable":true,"href":"https:\/\/www.siratmotor.com\/index.php\/wp-json\/wp\/v2\/product_tag?post=1959"}],"curies":[{"name":"wp","href":"https:\/\/api.w.org\/{rel}","templated":true}]}}